{"id":20998,"date":"2023-10-27T15:28:56","date_gmt":"2023-10-27T13:28:56","guid":{"rendered":"https:\/\/ribecamping.dk\/?page_id=20998"},"modified":"2025-12-08T12:34:34","modified_gmt":"2025-12-08T11:34:34","slug":"preise-2026","status":"publish","type":"page","link":"https:\/\/ribecamping.dk\/de\/preise-2026\/","title":{"rendered":"Preise 2026"},"content":{"rendered":"\n\n  <div class=\"banner has-hover\" id=\"banner-422508840\">\n          <div class=\"banner-inner fill\">\n        <div class=\"banner-bg fill\" >\n            <div class=\"bg fill bg-fill \"><\/div>\n                                    \n                    <\/div>\n\t\t\n        <div class=\"banner-layers container\">\n            <div class=\"fill banner-link\"><\/div>            \n\n   <div id=\"text-box-1862151629\" class=\"text-box banner-layer x50 md-x50 lg-x50 y50 md-y50 lg-y50 res-text\">\n                                <div class=\"text-box-content text dark\">\n              \n              <div class=\"text-inner text-center\">\n                  \n\n\n              <\/div>\n           <\/div>\n                            \n<style>\n#text-box-1862151629 {\n  width: 60%;\n}\n#text-box-1862151629 .text-box-content {\n  font-size: 100%;\n}\n@media (min-width:550px) {\n  #text-box-1862151629 {\n    width: 60%;\n  }\n}\n<\/style>\n    <\/div>\n \n\n        <\/div>\n      <\/div>\n\n            \n<style>\n#banner-422508840 {\n  padding-top: 350px;\n}\n#banner-422508840 .bg.bg-loaded {\n  background-image: url(https:\/\/ribecamping.dk\/wp-content\/uploads\/2021\/09\/DJI_0025-scaled.jpg);\n}\n#banner-422508840 .bg {\n  background-position: 40% 34%;\n}\n#banner-422508840 .ux-shape-divider--top svg {\n  height: 150px;\n  --divider-top-width: 100%;\n}\n#banner-422508840 .ux-shape-divider--bottom svg {\n  height: 150px;\n  --divider-width: 100%;\n}\n<\/style>\n  <\/div>\n\n\n<div class=\"row align-center\"  id=\"row-693289920\">\n\n\n\t<div id=\"col-336047989\" class=\"col medium-8 small-12 large-8\"  >\n\t\t\t\t<div class=\"col-inner text-center\"  >\n\t\t\t\n\t\t\t\n\n\t<div id=\"gap-301690186\" class=\"gap-element clearfix\" style=\"display:block; height:auto;\">\n\t\t\n<style>\n#gap-301690186 {\n  padding-top: 30px;\n}\n<\/style>\n\t<\/div>\n\t\n\n<h1 style=\"text-align: center;\">PREISE 2026<\/h1>\n<p style=\"text-align: center;\"><strong>HIER FINDEN SIE ALLE UNSERE PREISE F\u00dcR UNTERKUNFTE\u00a0<\/strong><\/p>\n<p>\u00a0<\/p>\n<p>Denken Sie daran, dass mit drin im Preis sind der Eintritt in das beheizte Freibad (1\/6 \u2013 31\/8), eine Erm\u00e4\u00dfigungskarte f\u00fcr die Attraktionen in Ribe, Teilnahme an fast allen unseren Aktivit\u00e4ten in Ferien und Feiertagen und viel mehr!<\/p>\n<p style=\"text-align: center;\">\u00a0<\/p>\n\n\t\t<\/div>\n\t\t\t\t\t<\/div>\n\n\t\n\n<\/div>\n\t<section class=\"section dark\" id=\"section_1933845820\">\n\t\t<div class=\"bg section-bg fill bg-fill  bg-loaded\" >\n\n\t\t\t\n\t\t\t\n\t\t\t\n\n\t\t<\/div>\n\n\t\t\n\n\t\t<div class=\"section-content relative\">\n\t\t\t\n\n<div class=\"row align-center row-dashed\"  id=\"row-1563006460\">\n\n\n\t<div id=\"col-1259048021\" class=\"col medium-4 small-12 large-4\"  >\n\t\t\t\t<div class=\"col-inner\"  >\n\t\t\t\n\t\t\t\n\n\t<div class=\"box has-hover   has-hover box-push box-text-bottom\" >\n\n\t\t<div class=\"box-image\" >\n\t\t\t<a href=\"https:\/\/ribecamping.dk\/wp-content\/uploads\/2025\/12\/Camping-DE-2026.pdf\" target=\"_blank\" rel=\"noopener noreferrer\" >\t\t\t<div class=\"image-cover\" style=\"padding-top:70%;\">\n\t\t\t\t<img loading=\"lazy\" decoding=\"async\" width=\"1024\" height=\"768\" src=\"https:\/\/ribecamping.dk\/wp-content\/uploads\/2023\/10\/billed-fra-lejlighed-i-e-2-1024x768-1.jpg\" class=\"attachment- size-\" alt=\"\" srcset=\"https:\/\/ribecamping.dk\/wp-content\/uploads\/2023\/10\/billed-fra-lejlighed-i-e-2-1024x768-1.jpg 1024w, https:\/\/ribecamping.dk\/wp-content\/uploads\/2023\/10\/billed-fra-lejlighed-i-e-2-1024x768-1-300x225.jpg 300w, https:\/\/ribecamping.dk\/wp-content\/uploads\/2023\/10\/billed-fra-lejlighed-i-e-2-1024x768-1-768x576.jpg 768w\" sizes=\"auto, (max-width: 1024px) 100vw, 1024px\" \/>\t\t\t\t\t\t\t\t\t\t\t<\/div>\n\t\t\t<\/a>\t\t<\/div>\n\n\t\t<div class=\"box-text text-center\" >\n\t\t\t<div class=\"box-text-inner\">\n\t\t\t\t\n\n\t<div id=\"text-2320251017\" class=\"text\">\n\t\t\n\n<h2><a href=\"https:\/\/ribecamping.dk\/wp-content\/uploads\/2025\/12\/Camping-DE-2026.pdf\"><b>CAMPING PREISE<\/b><\/a><\/h2>\n\t\t\n<style>\n#text-2320251017 {\n  color: rgb(0,0,0);\n}\n#text-2320251017 > * {\n  color: rgb(0,0,0);\n}\n<\/style>\n\t<\/div>\n\t\n\n\t\t\t<\/div>\n\t\t<\/div>\n\t<\/div>\n\t\n\n\t\t<\/div>\n\t\t\t\t\t<\/div>\n\n\t\n\n\t<div id=\"col-112083007\" class=\"col medium-4 small-12 large-4\"  >\n\t\t\t\t<div class=\"col-inner\"  >\n\t\t\t\n\t\t\t\n\n\t<div class=\"box has-hover   has-hover box-push box-text-bottom\" >\n\n\t\t<div class=\"box-image\" >\n\t\t\t<a href=\"https:\/\/ribecamping.dk\/wp-content\/uploads\/2025\/12\/Feriehytter-DE-2026.pdf\" target=\"_blank\" rel=\"noopener noreferrer\" >\t\t\t<div class=\"image-cover\" style=\"padding-top:70%;\">\n\t\t\t\t<img loading=\"lazy\" decoding=\"async\" width=\"2560\" height=\"1707\" src=\"https:\/\/ribecamping.dk\/wp-content\/uploads\/2023\/10\/IMG_4239-scaled.jpeg\" class=\"attachment- size-\" alt=\"\" srcset=\"https:\/\/ribecamping.dk\/wp-content\/uploads\/2023\/10\/IMG_4239-scaled.jpeg 2560w, https:\/\/ribecamping.dk\/wp-content\/uploads\/2023\/10\/IMG_4239-300x200.jpeg 300w, https:\/\/ribecamping.dk\/wp-content\/uploads\/2023\/10\/IMG_4239-1024x683.jpeg 1024w, https:\/\/ribecamping.dk\/wp-content\/uploads\/2023\/10\/IMG_4239-768x512.jpeg 768w, https:\/\/ribecamping.dk\/wp-content\/uploads\/2023\/10\/IMG_4239-1536x1024.jpeg 1536w, https:\/\/ribecamping.dk\/wp-content\/uploads\/2023\/10\/IMG_4239-2048x1365.jpeg 2048w\" sizes=\"auto, (max-width: 2560px) 100vw, 2560px\" \/>\t\t\t\t\t\t\t\t\t\t\t<\/div>\n\t\t\t<\/a>\t\t<\/div>\n\n\t\t<div class=\"box-text text-center\" >\n\t\t\t<div class=\"box-text-inner\">\n\t\t\t\t\n\n\t<div id=\"text-250295888\" class=\"text\">\n\t\t\n\n<h2><a href=\"https:\/\/ribecamping.dk\/wp-content\/uploads\/2025\/12\/Feriehytter-DE-2026.pdf\"><b>FERIENH\u00c4USER PREISE<\/b><\/a><\/h2>\n\t\t\n<style>\n#text-250295888 {\n  color: rgb(0,0,0);\n}\n#text-250295888 > * {\n  color: rgb(0,0,0);\n}\n<\/style>\n\t<\/div>\n\t\n\n\t\t\t<\/div>\n\t\t<\/div>\n\t<\/div>\n\t\n\n\t\t<\/div>\n\t\t\t\t\t<\/div>\n\n\t\n\n<\/div>\n\t<div id=\"gap-219103567\" class=\"gap-element clearfix\" style=\"display:block; height:auto;\">\n\t\t\n<style>\n#gap-219103567 {\n  padding-top: 50px;\n}\n<\/style>\n\t<\/div>\n\t\n\n\n\t\t<\/div>\n\n\t\t\n<style>\n#section_1933845820 {\n  padding-top: 30px;\n  padding-bottom: 30px;\n  background-color: rgb(233, 228, 214);\n}\n#section_1933845820 .ux-shape-divider--top svg {\n  height: 150px;\n  --divider-top-width: 100%;\n}\n#section_1933845820 .ux-shape-divider--bottom svg {\n  height: 150px;\n  --divider-width: 100%;\n}\n<\/style>\n\t<\/section>\n\t\n\n","protected":false},"excerpt":{"rendered":"","protected":false},"author":2,"featured_media":0,"parent":0,"menu_order":3,"comment_status":"closed","ping_status":"closed","template":"","meta":{"footnotes":""},"class_list":["post-20998","page","type-page","status-publish","hentry"],"yoast_head":"<!-- This site is optimized with the Yoast SEO plugin v27.1.1 - https:\/\/yoast.com\/product\/yoast-seo-wordpress\/ -->\n<title>Preise f\u00fcr Unterkunft - Ribe Camping<\/title>\n<meta name=\"description\" content=\"Im Preis ist inbegriffen der Zugang zum beheizten Freibad, die Erm\u00e4\u00dfigungskarte f\u00fcr Ribe und viele Aktivit\u00e4ten das ganze Jahr \u00fcber.\" \/>\n<meta name=\"robots\" content=\"index, follow, max-snippet:-1, max-image-preview:large, max-video-preview:-1\" \/>\n<link rel=\"canonical\" href=\"https:\/\/ribecamping.dk\/de\/preise-2026\/\" \/>\n<meta property=\"og:locale\" content=\"de_DE\" \/>\n<meta property=\"og:type\" content=\"article\" \/>\n<meta property=\"og:title\" content=\"Preise f\u00fcr Unterkunft - Ribe Camping\" \/>\n<meta property=\"og:description\" content=\"Im Preis ist inbegriffen der Zugang zum beheizten Freibad, die Erm\u00e4\u00dfigungskarte f\u00fcr Ribe und viele Aktivit\u00e4ten das ganze Jahr \u00fcber.\" \/>\n<meta property=\"og:url\" content=\"https:\/\/ribecamping.dk\/de\/preise-2026\/\" \/>\n<meta property=\"og:site_name\" content=\"Ribe Camping\" \/>\n<meta property=\"article:modified_time\" content=\"2025-12-08T11:34:34+00:00\" \/>\n<meta name=\"twitter:card\" content=\"summary_large_image\" \/>\n<meta name=\"twitter:label1\" content=\"Gesch\u00e4tzte Lesezeit\" \/>\n\t<meta name=\"twitter:data1\" content=\"1\u00a0Minute\" \/>\n<script type=\"application\/ld+json\" class=\"yoast-schema-graph\">{\"@context\":\"https:\/\/schema.org\",\"@graph\":[{\"@type\":\"WebPage\",\"@id\":\"https:\/\/ribecamping.dk\/de\/preise-2026\/\",\"url\":\"https:\/\/ribecamping.dk\/de\/preise-2026\/\",\"name\":\"Preise f\u00fcr Unterkunft - Ribe Camping\",\"isPartOf\":{\"@id\":\"https:\/\/ribecamping.dk\/de\/#website\"},\"datePublished\":\"2023-10-27T13:28:56+00:00\",\"dateModified\":\"2025-12-08T11:34:34+00:00\",\"description\":\"Im Preis ist inbegriffen der Zugang zum beheizten Freibad, die Erm\u00e4\u00dfigungskarte f\u00fcr Ribe und viele Aktivit\u00e4ten das ganze Jahr \u00fcber.\",\"breadcrumb\":{\"@id\":\"https:\/\/ribecamping.dk\/de\/preise-2026\/#breadcrumb\"},\"inLanguage\":\"de\",\"potentialAction\":[{\"@type\":\"ReadAction\",\"target\":[\"https:\/\/ribecamping.dk\/de\/preise-2026\/\"]}]},{\"@type\":\"BreadcrumbList\",\"@id\":\"https:\/\/ribecamping.dk\/de\/preise-2026\/#breadcrumb\",\"itemListElement\":[{\"@type\":\"ListItem\",\"position\":1,\"name\":\"Hjem\",\"item\":\"https:\/\/ribecamping.dk\/de\/\"},{\"@type\":\"ListItem\",\"position\":2,\"name\":\"Preise 2026\"}]},{\"@type\":\"WebSite\",\"@id\":\"https:\/\/ribecamping.dk\/de\/#website\",\"url\":\"https:\/\/ribecamping.dk\/de\/\",\"name\":\"Ribe Camping\",\"description\":\"\",\"publisher\":{\"@id\":\"https:\/\/ribecamping.dk\/de\/#organization\"},\"potentialAction\":[{\"@type\":\"SearchAction\",\"target\":{\"@type\":\"EntryPoint\",\"urlTemplate\":\"https:\/\/ribecamping.dk\/de\/?s={search_term_string}\"},\"query-input\":{\"@type\":\"PropertyValueSpecification\",\"valueRequired\":true,\"valueName\":\"search_term_string\"}}],\"inLanguage\":\"de\"},{\"@type\":\"Organization\",\"@id\":\"https:\/\/ribecamping.dk\/de\/#organization\",\"name\":\"Ribe Camping\",\"url\":\"https:\/\/ribecamping.dk\/de\/\",\"logo\":{\"@type\":\"ImageObject\",\"inLanguage\":\"de\",\"@id\":\"https:\/\/ribecamping.dk\/de\/#\/schema\/logo\/image\/\",\"url\":\"https:\/\/ribecamping.dk\/wp-content\/uploads\/Standardbilleder\/cropped-Ribe-Camping-logo-u.-stjerner-og-slogan-01.png\",\"contentUrl\":\"https:\/\/ribecamping.dk\/wp-content\/uploads\/Standardbilleder\/cropped-Ribe-Camping-logo-u.-stjerner-og-slogan-01.png\",\"width\":512,\"height\":512,\"caption\":\"Ribe Camping\"},\"image\":{\"@id\":\"https:\/\/ribecamping.dk\/de\/#\/schema\/logo\/image\/\"}}]}<\/script>\n<!-- \/ Yoast SEO plugin. -->","yoast_head_json":{"title":"Preise f\u00fcr Unterkunft - Ribe Camping","description":"Im Preis ist inbegriffen der Zugang zum beheizten Freibad, die Erm\u00e4\u00dfigungskarte f\u00fcr Ribe und viele Aktivit\u00e4ten das ganze Jahr \u00fcber.","robots":{"index":"index","follow":"follow","max-snippet":"max-snippet:-1","max-image-preview":"max-image-preview:large","max-video-preview":"max-video-preview:-1"},"canonical":"https:\/\/ribecamping.dk\/de\/preise-2026\/","og_locale":"de_DE","og_type":"article","og_title":"Preise f\u00fcr Unterkunft - Ribe Camping","og_description":"Im Preis ist inbegriffen der Zugang zum beheizten Freibad, die Erm\u00e4\u00dfigungskarte f\u00fcr Ribe und viele Aktivit\u00e4ten das ganze Jahr \u00fcber.","og_url":"https:\/\/ribecamping.dk\/de\/preise-2026\/","og_site_name":"Ribe Camping","article_modified_time":"2025-12-08T11:34:34+00:00","twitter_card":"summary_large_image","twitter_misc":{"Gesch\u00e4tzte Lesezeit":"1\u00a0Minute"},"schema":{"@context":"https:\/\/schema.org","@graph":[{"@type":"WebPage","@id":"https:\/\/ribecamping.dk\/de\/preise-2026\/","url":"https:\/\/ribecamping.dk\/de\/preise-2026\/","name":"Preise f\u00fcr Unterkunft - Ribe Camping","isPartOf":{"@id":"https:\/\/ribecamping.dk\/de\/#website"},"datePublished":"2023-10-27T13:28:56+00:00","dateModified":"2025-12-08T11:34:34+00:00","description":"Im Preis ist inbegriffen der Zugang zum beheizten Freibad, die Erm\u00e4\u00dfigungskarte f\u00fcr Ribe und viele Aktivit\u00e4ten das ganze Jahr \u00fcber.","breadcrumb":{"@id":"https:\/\/ribecamping.dk\/de\/preise-2026\/#breadcrumb"},"inLanguage":"de","potentialAction":[{"@type":"ReadAction","target":["https:\/\/ribecamping.dk\/de\/preise-2026\/"]}]},{"@type":"BreadcrumbList","@id":"https:\/\/ribecamping.dk\/de\/preise-2026\/#breadcrumb","itemListElement":[{"@type":"ListItem","position":1,"name":"Hjem","item":"https:\/\/ribecamping.dk\/de\/"},{"@type":"ListItem","position":2,"name":"Preise 2026"}]},{"@type":"WebSite","@id":"https:\/\/ribecamping.dk\/de\/#website","url":"https:\/\/ribecamping.dk\/de\/","name":"Ribe Camping","description":"","publisher":{"@id":"https:\/\/ribecamping.dk\/de\/#organization"},"potentialAction":[{"@type":"SearchAction","target":{"@type":"EntryPoint","urlTemplate":"https:\/\/ribecamping.dk\/de\/?s={search_term_string}"},"query-input":{"@type":"PropertyValueSpecification","valueRequired":true,"valueName":"search_term_string"}}],"inLanguage":"de"},{"@type":"Organization","@id":"https:\/\/ribecamping.dk\/de\/#organization","name":"Ribe Camping","url":"https:\/\/ribecamping.dk\/de\/","logo":{"@type":"ImageObject","inLanguage":"de","@id":"https:\/\/ribecamping.dk\/de\/#\/schema\/logo\/image\/","url":"https:\/\/ribecamping.dk\/wp-content\/uploads\/Standardbilleder\/cropped-Ribe-Camping-logo-u.-stjerner-og-slogan-01.png","contentUrl":"https:\/\/ribecamping.dk\/wp-content\/uploads\/Standardbilleder\/cropped-Ribe-Camping-logo-u.-stjerner-og-slogan-01.png","width":512,"height":512,"caption":"Ribe Camping"},"image":{"@id":"https:\/\/ribecamping.dk\/de\/#\/schema\/logo\/image\/"}}]}},"_links":{"self":[{"href":"https:\/\/ribecamping.dk\/de\/wp-json\/wp\/v2\/pages\/20998","targetHints":{"allow":["GET"]}}],"collection":[{"href":"https:\/\/ribecamping.dk\/de\/wp-json\/wp\/v2\/pages"}],"about":[{"href":"https:\/\/ribecamping.dk\/de\/wp-json\/wp\/v2\/types\/page"}],"author":[{"embeddable":true,"href":"https:\/\/ribecamping.dk\/de\/wp-json\/wp\/v2\/users\/2"}],"replies":[{"embeddable":true,"href":"https:\/\/ribecamping.dk\/de\/wp-json\/wp\/v2\/comments?post=20998"}],"version-history":[{"count":16,"href":"https:\/\/ribecamping.dk\/de\/wp-json\/wp\/v2\/pages\/20998\/revisions"}],"predecessor-version":[{"id":93469,"href":"https:\/\/ribecamping.dk\/de\/wp-json\/wp\/v2\/pages\/20998\/revisions\/93469"}],"wp:attachment":[{"href":"https:\/\/ribecamping.dk\/de\/wp-json\/wp\/v2\/media?parent=20998"}],"curies":[{"name":"wp","href":"https:\/\/api.w.org\/{rel}","templated":true}]}}