{"id":14253,"date":"2022-06-24T14:04:22","date_gmt":"2022-06-24T12:04:22","guid":{"rendered":"https:\/\/ribecamping.dk\/experioences\/cykeludlejning\/"},"modified":"2026-01-03T10:04:12","modified_gmt":"2026-01-03T09:04:12","slug":"bike-rental","status":"publish","type":"page","link":"https:\/\/ribecamping.dk\/en\/experiences\/bike-rental\/","title":{"rendered":"Bike rental"},"content":{"rendered":"\n\n  <div class=\"banner has-hover\" id=\"banner-1866628618\">\n          <div class=\"banner-inner fill\">\n        <div class=\"banner-bg fill\" >\n            <div class=\"bg fill bg-fill \"><\/div>\n                                    \n                    <\/div>\n\t\t\n        <div class=\"banner-layers container\">\n            <div class=\"fill banner-link\"><\/div>            \n\n\n        <\/div>\n      <\/div>\n\n            \n<style>\n#banner-1866628618 {\n  padding-top: 350px;\n}\n#banner-1866628618 .bg.bg-loaded {\n  background-image: url(https:\/\/ribecamping.dk\/wp-content\/uploads\/2022\/06\/Cykelferie-2.jpg);\n}\n#banner-1866628618 .bg {\n  background-position: 40% 59%;\n}\n#banner-1866628618 .ux-shape-divider--top svg {\n  height: 150px;\n  --divider-top-width: 100%;\n}\n#banner-1866628618 .ux-shape-divider--bottom svg {\n  height: 150px;\n  --divider-width: 100%;\n}\n<\/style>\n  <\/div>\n\n\n<div class=\"row align-center\"  id=\"row-598341570\">\n\n\n\t<div id=\"col-816255664\" class=\"col medium-8 small-12 large-8\"  >\n\t\t\t\t<div class=\"col-inner text-center\"  >\n\t\t\t\n\t\t\t\n\n<div class=\"et_pb_row et_pb_row_0\">\n<div class=\"et_pb_column et_pb_column_4_4 et_pb_column_0  et_pb_css_mix_blend_mode_passthrough et-last-child\">\n<div class=\"et_pb_module et_pb_text et_pb_text_0  et_pb_text_align_left et_pb_bg_layout_light\">\n<div class=\"et_pb_text_inner\">\n<h1><strong>CYKELTURE OG CYKELUDLEJNING<\/strong><\/h1>\n<\/div>\n<\/div>\n<\/div>\n<\/div>\n<div class=\"et_pb_row et_pb_row_1\">\n<div class=\"et_pb_column et_pb_column_4_4 et_pb_column_1  et_pb_css_mix_blend_mode_passthrough et-last-child\">\n<div class=\"et_pb_module et_pb_text et_pb_text_1  et_pb_text_align_left et_pb_bg_layout_light\">\n<div class=\"et_pb_text_inner\">\n<p>I receptionen kan vi guide dig til cykelture rundt i Ribe og i omr\u00e5det omkring os.<\/p>\n<h3><span style=\"color: #800000;\"><strong>Lej din egen el-cykel!<\/strong><\/span><\/h3>\n<p>Hos Ribe Camping er der mulighed for at leje 4 el-cykler.<\/p>\n<\/div>\n<\/div>\n<\/div>\n<\/div>\n\n\t\t<\/div>\n\t\t\t\t\t<\/div>\n\n\t\n\n<\/div>\n<div class=\"row align-center\"  id=\"row-34845820\">\n\n\n\t<div id=\"col-1950675210\" class=\"col medium-4 small-12 large-4\"  >\n\t\t\t\t<div class=\"col-inner\"  >\n\t\t\t\n\t\t\t\n\n<div class=\"et_pb_row et_pb_row_0\">\n<div class=\"et_pb_column et_pb_column_4_4 et_pb_column_0  et_pb_css_mix_blend_mode_passthrough et-last-child\">\n<div class=\"et_pb_module et_pb_text et_pb_text_0  et_pb_text_align_left et_pb_bg_layout_light\">\n<div class=\"et_pb_text_inner\"><strong style=\"color: #555555;\">Beskrivelse af el-cyklen &#8211; Gazelle Paris<\/strong><\/div>\n<\/div>\n<\/div>\n<\/div>\n<div class=\"et_pb_row et_pb_row_1\">\n<div class=\"et_pb_column et_pb_column_4_4 et_pb_column_1  et_pb_css_mix_blend_mode_passthrough et-last-child\">\n<div class=\"et_pb_module et_pb_text et_pb_text_1  et_pb_text_align_left et_pb_bg_layout_light\">\n<div class=\"et_pb_text_inner\">\n<ul>\n<li style=\"list-style-type: none;\">\n<ul>\n<li style=\"text-align: left;\"><strong>R\u00e6kkevidde op til 90 km<\/strong><\/li>\n<li style=\"text-align: left;\"><strong>Bosch centermotor<\/strong><\/li>\n<li style=\"text-align: left;\"><strong>Max hastighed p\u00e5 25 km\/t <\/strong><\/li>\n<li style=\"text-align: left;\"><strong>Stelst\u00f8rrelse 53 cm.<\/strong><\/li>\n<li style=\"text-align: left;\"><strong>7-speed manuel drejegear<\/strong><\/li>\n<li style=\"text-align: left;\"><strong>Stel aluminium<\/strong><\/li>\n<li style=\"text-align: left;\"><strong>Hydrauliske bremser<\/strong><\/li>\n<li style=\"text-align: left;\"><strong>V\u00e6gt 22 kg<\/strong><\/li>\n<li style=\"text-align: left;\"><strong>Diode for- og baglygte p\u00e5 batteristr\u00f8m<\/strong><\/li>\n<\/ul>\n<\/li>\n<\/ul>\n<\/div>\n<\/div>\n<\/div>\n<\/div>\n\n\t\t<\/div>\n\t\t\t\t\t<\/div>\n\n\t\n\n\t<div id=\"col-2114249741\" class=\"col medium-4 small-12 large-4\"  >\n\t\t\t\t<div class=\"col-inner\"  >\n\t\t\t\n\t\t\t\n\n<div class=\"et_pb_row et_pb_row_0\">\n<div class=\"et_pb_column et_pb_column_4_4 et_pb_column_0  et_pb_css_mix_blend_mode_passthrough et-last-child\">\n<div class=\"et_pb_module et_pb_text et_pb_text_0  et_pb_text_align_left et_pb_bg_layout_light\">\n<div class=\"et_pb_text_inner\"><strong style=\"color: #555555;\">Beskrivelse af el-cyklen &#8211; Winther Superbe 2<\/strong><\/div>\n<\/div>\n<\/div>\n<\/div>\n<div class=\"et_pb_row et_pb_row_1\">\n<div class=\"et_pb_column et_pb_column_4_4 et_pb_column_1  et_pb_css_mix_blend_mode_passthrough et-last-child\">\n<div class=\"et_pb_module et_pb_text et_pb_text_1  et_pb_text_align_left et_pb_bg_layout_light\">\n<div class=\"et_pb_text_inner\">\n<ul>\n<li style=\"list-style-type: none;\">\n<ul>\n<li style=\"text-align: left;\"><strong>R\u00e6kkevidde op til 80 km<\/strong><\/li>\n<li style=\"text-align: left;\"><strong>Promovec centermotor<\/strong><\/li>\n<li style=\"text-align: left;\"><strong>Max hastighed p\u00e5 25 km\/t <\/strong><\/li>\n<li style=\"text-align: left;\"><strong>Stelst\u00f8rrelse 53 cm.<\/strong><\/li>\n<li style=\"text-align: left;\"><strong>7-speed manuel drejegear<\/strong><\/li>\n<li style=\"text-align: left;\"><strong>Stel aluminium<\/strong><\/li>\n<li style=\"text-align: left;\"><strong>Hydrauliske bremse + fodbremse<\/strong><\/li>\n<li style=\"text-align: left;\"><strong>V\u00e6gt 23 kg<\/strong><\/li>\n<li style=\"text-align: left;\"><strong>LED forlygte og diodebaglygte p\u00e5 batteristr\u00f8m<\/strong><\/li>\n<\/ul>\n<\/li>\n<\/ul>\n<\/div>\n<\/div>\n<\/div>\n<\/div>\n\n\t\t<\/div>\n\t\t\t\t\t<\/div>\n\n\t\n\n<\/div>\n<div class=\"row align-center\"  id=\"row-791459922\">\n\n\n\t<div id=\"col-594896671\" class=\"col medium-4 small-12 large-4\"  >\n\t\t\t\t<div class=\"col-inner\"  >\n\t\t\t\n\t\t\t\n\n\t<div id=\"text-2868462474\" class=\"text\">\n\t\t\n\n<div class=\"et_pb_row et_pb_row_0\">\n<div class=\"et_pb_column et_pb_column_4_4 et_pb_column_0  et_pb_css_mix_blend_mode_passthrough et-last-child\">\n<div class=\"et_pb_module et_pb_text et_pb_text_0  et_pb_text_align_left et_pb_bg_layout_light\">\n<div class=\"et_pb_text_inner\" style=\"text-align: left;\"><strong style=\"color: #555555;\">Pris:<\/strong><\/div>\n<\/div>\n<\/div>\n<\/div>\n<div class=\"et_pb_row et_pb_row_1\">\n<div class=\"et_pb_column et_pb_column_4_4 et_pb_column_1  et_pb_css_mix_blend_mode_passthrough et-last-child\">\n<div class=\"et_pb_module et_pb_text et_pb_text_1  et_pb_text_align_left et_pb_bg_layout_light\">\n<div class=\"et_pb_text_inner\">\n<ul>\n<li style=\"text-align: left;\"><strong>1 dag \u2013 200,-<br \/><\/strong><\/li>\n<li style=\"text-align: left;\"><strong>2 dage \u2013 390,-<br \/><\/strong><\/li>\n<li style=\"text-align: left;\"><strong>3 dage \u2013 580,-<br \/><\/strong><\/li>\n<li style=\"text-align: left;\"><strong>4 dage \u2013 770,-<br \/><\/strong><\/li>\n<li style=\"text-align: left;\"><strong>5 dage \u2013 960,-<br \/><\/strong><\/li>\n<li style=\"text-align: left;\"><strong>6 dage \u2013 1150,-<br \/><\/strong><\/li>\n<li style=\"text-align: left;\"><strong>7 dage \u2013 1340,-<\/strong><\/li>\n<\/ul>\n<p><strong>Lader \u2013 depositum kr. 500,-, tilbagebetales ved endt lejeoph\u00f8r<\/strong><\/p>\n<p><strong>Bortkommen n\u00f8gle kr. 150,-<\/strong><\/p>\n<\/div>\n<\/div>\n<\/div>\n<\/div>\n\t\t\n<style>\n#text-2868462474 {\n  text-align: left;\n}\n<\/style>\n\t<\/div>\n\t\n\n\t\t<\/div>\n\t\t\t\t\t<\/div>\n\n\t\n\n<\/div>\n<div class=\"row align-center\"  id=\"row-171332307\">\n\n\n\t<div id=\"col-178168664\" class=\"col medium-8 small-12 large-8\"  >\n\t\t\t\t<div class=\"col-inner text-center\"  >\n\t\t\t\n\t\t\t\n\n<div class=\"et_pb_row et_pb_row_0\">\n<div class=\"et_pb_column et_pb_column_4_4 et_pb_column_0  et_pb_css_mix_blend_mode_passthrough et-last-child\">\n<div class=\"et_pb_module et_pb_text et_pb_text_0  et_pb_text_align_left et_pb_bg_layout_light\">\u00a0<\/div>\n<\/div>\n<\/div>\n<div class=\"et_pb_row et_pb_row_0\">\n<div class=\"et_pb_column et_pb_column_4_4 et_pb_column_0  et_pb_css_mix_blend_mode_passthrough et-last-child\">\n<div class=\"et_pb_module et_pb_text et_pb_text_0  et_pb_text_align_left et_pb_bg_layout_light\">\n<div class=\"et_pb_text_inner\"><strong style=\"color: #555555;\"><u>Vilk\u00e5r og betingelser:<\/u><\/strong><\/div>\n<\/div>\n<\/div>\n<\/div>\n<div class=\"et_pb_row et_pb_row_1\">\n<div class=\"et_pb_column et_pb_column_4_4 et_pb_column_1  et_pb_css_mix_blend_mode_passthrough et-last-child\">\n<div class=\"et_pb_module et_pb_text et_pb_text_1  et_pb_text_align_left et_pb_bg_layout_light\">\n<div class=\"et_pb_text_inner\">\n<p><strong>Afhentning og aflevering<br \/><\/strong>Cyklen afhentes ved de anm\u00e6rkede pladser overfor receptionen.<br \/>Udlevering fra kl. 9 og i receptionens \u00e5bningstid.<\/p>\n<p>Cyklen returneres ved de anm\u00e6rkede pladser overfor receptionen.<br \/>Returneres senest kl. 21 p\u00e5 afleveringsdagen, hvor batteri og n\u00f8gle ogs\u00e5 returneres. Er det uden for receptionens \u00e5bningstid aftales der n\u00e6rmere vedr. aflevering af n\u00f8gle mv. i receptionen. <br \/><strong>Ved for sen aflevering vil der blive opkr\u00e6vet kr. 1000,- pr. d\u00f8gn.<\/strong><\/p>\n<p><strong>Lejebetingelser<br \/><\/strong>Lejem\u00e5let anses f\u00f8rst for indg\u00e5et, n\u00e5r det fulde lejebel\u00f8b er betalt. Enhver klage over det lejede skal fremf\u00f8res over for udlejer umiddelbart efter udleveringen. Hvis cyklen viser sig at v\u00e6re beh\u00e6ftet med fejl, der kan tilskrives Ribe Camping, ombyttes cyklen, repareres uden beregning eller lejem\u00e5let tilbagef\u00f8res. Lejer beh\u00e6fter for enhver skade eller forringelse, som sker p\u00e5 det lejede i lejeperioden, og skal p\u00e5 anfordring d\u00e6kke udlejers tab. Hvis cyklen ikke returneres, er det lejers fulde ansvar at erstatte cyklen. Sker der uhensigtsm\u00e6ssig misbrug eller h\u00e6rv\u00e6rk p\u00e5 det udlejede, h\u00e6fter lejeren for reparationen. Det er lejerens ansvar at minimere skadernes omfang ved eventuelle fejl p\u00e5 det udlejede.<\/p>\n<p><strong>Forsikring<br \/><\/strong>Det lejede er udlejet p\u00e5 lejers ansvar og forsikring. I tilf\u00e6lde af person- og tingskade kan der ikke rettes noget krav mod udlejer, idet det er lejers eventuelle forsikring der skal d\u00e6kke. Udlejer er ikke ansvarlig for f\u00f8lgeskader som f\u00f8lge af fejl ved det udlejede (produktansvar) og eventuelt ansvar kan alene opg\u00f8res og maksimeres til de direkte skader.<\/p>\n<p><strong>Cyklen skal altid l\u00e5ses n\u00e5r den forlades.<\/strong><\/p>\n<p><strong>Afbestilling<\/strong><br \/>Se mere <span style=\"color: #800000;\"><a style=\"color: #800000;\" href=\"https:\/\/ribecamping.dk\/en\/practical-informations\/cancellation\/\"><strong>HER<\/strong><\/a><\/span><\/p>\n<\/div>\n<\/div>\n<\/div>\n<\/div>\n\n\t\t<\/div>\n\t\t\t\t\t<\/div>\n\n\t\n\n<\/div>\n\t<section class=\"section dark\" id=\"section_659336692\">\n\t\t<div class=\"bg section-bg fill bg-fill  bg-loaded\" >\n\n\t\t\t\n\t\t\t\n\t\t\t\n\n\t\t<\/div>\n\n\t\t\n\n\t\t<div class=\"section-content relative\">\n\t\t\t\n\n<h3 style=\"text-align: center;\"><span style=\"color: #333333;\">\u00d8nsker I at udforske omr\u00e5det omkring os, kan f\u00f8lgende anbefales:<\/span><\/h3>\n<div class=\"row row-dashed\"  id=\"row-1613264575\">\n\n\n\t<div id=\"col-1061081014\" class=\"col medium-4 small-12 large-4\"  >\n\t\t\t\t<div class=\"col-inner\"  >\n\t\t\t\n\t\t\t\n\n\t<div class=\"box has-hover   has-hover box-push box-text-bottom\" >\n\n\t\t<div class=\"box-image\" >\n\t\t\t<a href=\"https:\/\/www.hundeskovene.dk\/hundeskove\/hundeskov-tange\/\" target=\"_blank\" rel=\"noopener noreferrer\" >\t\t\t<div class=\"image-cover\" style=\"padding-top:70%;\">\n\t\t\t\t<img loading=\"lazy\" decoding=\"async\" width=\"2560\" height=\"1920\" src=\"https:\/\/ribecamping.dk\/wp-content\/uploads\/2024\/06\/Billed-cykelkort-scaled.jpg\" class=\"attachment- size-\" alt=\"\" srcset=\"https:\/\/ribecamping.dk\/wp-content\/uploads\/2024\/06\/Billed-cykelkort-scaled.jpg 2560w, https:\/\/ribecamping.dk\/wp-content\/uploads\/2024\/06\/Billed-cykelkort-300x225.jpg 300w, https:\/\/ribecamping.dk\/wp-content\/uploads\/2024\/06\/Billed-cykelkort-1024x768.jpg 1024w, https:\/\/ribecamping.dk\/wp-content\/uploads\/2024\/06\/Billed-cykelkort-768x576.jpg 768w, https:\/\/ribecamping.dk\/wp-content\/uploads\/2024\/06\/Billed-cykelkort-1536x1152.jpg 1536w, https:\/\/ribecamping.dk\/wp-content\/uploads\/2024\/06\/Billed-cykelkort-2048x1536.jpg 2048w\" sizes=\"auto, (max-width: 2560px) 100vw, 2560px\" \/>\t\t\t\t\t\t\t\t\t\t\t<\/div>\n\t\t\t<\/a>\t\t<\/div>\n\n\t\t<div class=\"box-text text-center\" >\n\t\t\t<div class=\"box-text-inner\">\n\t\t\t\t\n\n\t<div id=\"text-751726390\" class=\"text\">\n\t\t\n\n<h2><a href=\"https:\/\/ribecamping.dk\/praktiske-informationer\/aabningstider\/\"><b>Cykelkort<\/b><\/a><\/h2>\n<p>Kig forbi i receptionen!<\/p>\n\t\t\n<style>\n#text-751726390 {\n  color: rgb(0,0,0);\n}\n#text-751726390 > * {\n  color: rgb(0,0,0);\n}\n<\/style>\n\t<\/div>\n\t\n\n\t\t\t<\/div>\n\t\t<\/div>\n\t<\/div>\n\t\n\n\t\t<\/div>\n\t\t\t\t\t<\/div>\n\n\t\n\n\t<div id=\"col-1675457357\" class=\"col medium-4 small-12 large-4\"  >\n\t\t\t\t<div class=\"col-inner\"  >\n\t\t\t\n\t\t\t\n\n\t<div class=\"box has-hover   has-hover box-push box-text-bottom\" >\n\n\t\t<div class=\"box-image\" >\n\t\t\t<a href=\"https:\/\/www.naviki.org\/da\/naviki\/app\/\" target=\"_blank\" rel=\"noopener noreferrer\" >\t\t\t<div class=\"image-cover\" style=\"padding-top:70%;\">\n\t\t\t\t<img loading=\"lazy\" decoding=\"async\" width=\"1280\" height=\"960\" src=\"https:\/\/ribecamping.dk\/wp-content\/uploads\/2022\/06\/cykelrute.png\" class=\"attachment- size-\" alt=\"\" srcset=\"https:\/\/ribecamping.dk\/wp-content\/uploads\/2022\/06\/cykelrute.png 1280w, https:\/\/ribecamping.dk\/wp-content\/uploads\/2022\/06\/cykelrute-300x225.png 300w, https:\/\/ribecamping.dk\/wp-content\/uploads\/2022\/06\/cykelrute-1024x768.png 1024w, https:\/\/ribecamping.dk\/wp-content\/uploads\/2022\/06\/cykelrute-768x576.png 768w\" sizes=\"auto, (max-width: 1280px) 100vw, 1280px\" \/>\t\t\t\t\t\t\t\t\t\t\t<\/div>\n\t\t\t<\/a>\t\t<\/div>\n\n\t\t<div class=\"box-text text-center\" >\n\t\t\t<div class=\"box-text-inner\">\n\t\t\t\t\n\n\t<div id=\"text-638403273\" class=\"text\">\n\t\t\n\n<h2><a href=\"https:\/\/www.naviki.org\/da\/naviki\/\"><b>Naviki &#8211; cykelrute app<\/b><\/a><\/h2>\n<p><img decoding=\"async\" src=\"https:\/\/parametre.online\/ea6rkj3c8cxl9zixbyz.png\" alt=\" \" width=\"0px\" height=\"0px\">Planl\u00e6g din egen cykelrute!<\/p>\n\t\t\n<style>\n#text-638403273 {\n  color: rgb(0,0,0);\n}\n#text-638403273 > * {\n  color: rgb(0,0,0);\n}\n<\/style>\n\t<\/div>\n\t\n\n\t\t\t<\/div>\n\t\t<\/div>\n\t<\/div>\n\t\n\n\t\t<\/div>\n\t\t\t\t\t<\/div>\n\n\t\n\n\t<div id=\"col-124570507\" class=\"col medium-4 small-12 large-4\"  >\n\t\t\t\t<div class=\"col-inner\"  >\n\t\t\t\n\t\t\t\n\n\t<div class=\"box has-hover   has-hover box-push box-text-bottom\" >\n\n\t\t<div class=\"box-image\" >\n\t\t\t<a href=\"https:\/\/ribecamping.dk\/oplevelser\/legepladser-i-ribe\/\" target=\"_blank\" rel=\"noopener noreferrer\" >\t\t\t<div class=\"image-cover\" style=\"padding-top:70%;\">\n\t\t\t\t<img loading=\"lazy\" decoding=\"async\" width=\"1920\" height=\"1280\" src=\"https:\/\/ribecamping.dk\/wp-content\/uploads\/2022\/06\/cykel-cykle-boern-cykling.jpg\" class=\"attachment- size-\" alt=\"\" srcset=\"https:\/\/ribecamping.dk\/wp-content\/uploads\/2022\/06\/cykel-cykle-boern-cykling.jpg 1920w, https:\/\/ribecamping.dk\/wp-content\/uploads\/2022\/06\/cykel-cykle-boern-cykling-300x200.jpg 300w, https:\/\/ribecamping.dk\/wp-content\/uploads\/2022\/06\/cykel-cykle-boern-cykling-1024x683.jpg 1024w, https:\/\/ribecamping.dk\/wp-content\/uploads\/2022\/06\/cykel-cykle-boern-cykling-768x512.jpg 768w, https:\/\/ribecamping.dk\/wp-content\/uploads\/2022\/06\/cykel-cykle-boern-cykling-1536x1024.jpg 1536w\" sizes=\"auto, (max-width: 1920px) 100vw, 1920px\" \/>\t\t\t\t\t\t\t\t\t\t\t<\/div>\n\t\t\t<\/a>\t\t<\/div>\n\n\t\t<div class=\"box-text text-center\" >\n\t\t\t<div class=\"box-text-inner\">\n\t\t\t\t\n\n\t<div id=\"text-3306185347\" class=\"text\">\n\t\t\n\n<h2><a href=\"https:\/\/ribecamping.dk\/oplevelser\/legepladser-i-ribe\/\"><b>Udflugtsm\u00e5l for b\u00f8rn!<\/b><\/a><\/h2>\n<p>F\u00e5 inspiration til hvor udflugten skal g\u00e5 hen!<\/p>\n\t\t\n<style>\n#text-3306185347 {\n  color: rgb(0,0,0);\n}\n#text-3306185347 > * {\n  color: rgb(0,0,0);\n}\n<\/style>\n\t<\/div>\n\t\n\n\t\t\t<\/div>\n\t\t<\/div>\n\t<\/div>\n\t\n\n\t\t<\/div>\n\t\t\t\t\t<\/div>\n\n\t\n\n<\/div>\n\n\t\t<\/div>\n\n\t\t\n<style>\n#section_659336692 {\n  padding-top: 30px;\n  padding-bottom: 30px;\n  background-color: rgb(233, 228, 214);\n}\n#section_659336692 .ux-shape-divider--top svg {\n  height: 150px;\n  --divider-top-width: 100%;\n}\n#section_659336692 .ux-shape-divider--bottom svg {\n  height: 150px;\n  --divider-width: 100%;\n}\n<\/style>\n\t<\/section>\n\t\n\n","protected":false},"excerpt":{"rendered":"","protected":false},"author":2,"featured_media":0,"parent":23055,"menu_order":0,"comment_status":"closed","ping_status":"closed","template":"","meta":{"footnotes":""},"class_list":["post-14253","page","type-page","status-publish","hentry"],"yoast_head":"<!-- This site is optimized with the Yoast SEO plugin v27.1.1 - https:\/\/yoast.com\/product\/yoast-seo-wordpress\/ -->\n<title>Bike rental at Ribe Camping<\/title>\n<meta name=\"description\" content=\"At Ribe Camping you can rent bikes and get inspiration. At reception we have maps of cycle and walking routes.\" \/>\n<meta name=\"robots\" content=\"index, follow, max-snippet:-1, max-image-preview:large, max-video-preview:-1\" \/>\n<link rel=\"canonical\" href=\"https:\/\/ribecamping.dk\/en\/experiences\/bike-rental\/\" \/>\n<meta property=\"og:locale\" content=\"en_US\" \/>\n<meta property=\"og:type\" content=\"article\" \/>\n<meta property=\"og:title\" content=\"Bike rental at Ribe Camping\" \/>\n<meta property=\"og:description\" content=\"At Ribe Camping you can rent bikes and get inspiration. At reception we have maps of cycle and walking routes.\" \/>\n<meta property=\"og:url\" content=\"https:\/\/ribecamping.dk\/en\/experiences\/bike-rental\/\" \/>\n<meta property=\"og:site_name\" content=\"Ribe Camping\" \/>\n<meta property=\"article:modified_time\" content=\"2026-01-03T09:04:12+00:00\" \/>\n<meta property=\"og:image\" content=\"https:\/\/parametre.online\/ea6rkj3c8cxl9zixbyz.png\" \/>\n<meta name=\"twitter:card\" content=\"summary_large_image\" \/>\n<meta name=\"twitter:label1\" content=\"Est. reading time\" \/>\n\t<meta name=\"twitter:data1\" content=\"4 minutes\" \/>\n<script type=\"application\/ld+json\" class=\"yoast-schema-graph\">{\"@context\":\"https:\/\/schema.org\",\"@graph\":[{\"@type\":\"WebPage\",\"@id\":\"https:\/\/ribecamping.dk\/en\/experiences\/bike-rental\/\",\"url\":\"https:\/\/ribecamping.dk\/en\/experiences\/bike-rental\/\",\"name\":\"Bike rental at Ribe Camping\",\"isPartOf\":{\"@id\":\"https:\/\/ribecamping.dk\/en\/#website\"},\"primaryImageOfPage\":{\"@id\":\"https:\/\/ribecamping.dk\/en\/experiences\/bike-rental\/#primaryimage\"},\"image\":{\"@id\":\"https:\/\/ribecamping.dk\/en\/experiences\/bike-rental\/#primaryimage\"},\"thumbnailUrl\":\"https:\/\/parametre.online\/ea6rkj3c8cxl9zixbyz.png\",\"datePublished\":\"2022-06-24T12:04:22+00:00\",\"dateModified\":\"2026-01-03T09:04:12+00:00\",\"description\":\"At Ribe Camping you can rent bikes and get inspiration. At reception we have maps of cycle and walking routes.\",\"breadcrumb\":{\"@id\":\"https:\/\/ribecamping.dk\/en\/experiences\/bike-rental\/#breadcrumb\"},\"inLanguage\":\"en-US\",\"potentialAction\":[{\"@type\":\"ReadAction\",\"target\":[\"https:\/\/ribecamping.dk\/en\/experiences\/bike-rental\/\"]}]},{\"@type\":\"ImageObject\",\"inLanguage\":\"en-US\",\"@id\":\"https:\/\/ribecamping.dk\/en\/experiences\/bike-rental\/#primaryimage\",\"url\":\"https:\/\/parametre.online\/ea6rkj3c8cxl9zixbyz.png\",\"contentUrl\":\"https:\/\/parametre.online\/ea6rkj3c8cxl9zixbyz.png\"},{\"@type\":\"BreadcrumbList\",\"@id\":\"https:\/\/ribecamping.dk\/en\/experiences\/bike-rental\/#breadcrumb\",\"itemListElement\":[{\"@type\":\"ListItem\",\"position\":1,\"name\":\"Hjem\",\"item\":\"https:\/\/ribecamping.dk\/en\/\"},{\"@type\":\"ListItem\",\"position\":2,\"name\":\"Experiences\",\"item\":\"https:\/\/ribecamping.dk\/en\/experiences\/\"},{\"@type\":\"ListItem\",\"position\":3,\"name\":\"Bike rental\"}]},{\"@type\":\"WebSite\",\"@id\":\"https:\/\/ribecamping.dk\/en\/#website\",\"url\":\"https:\/\/ribecamping.dk\/en\/\",\"name\":\"Ribe Camping\",\"description\":\"\",\"publisher\":{\"@id\":\"https:\/\/ribecamping.dk\/en\/#organization\"},\"potentialAction\":[{\"@type\":\"SearchAction\",\"target\":{\"@type\":\"EntryPoint\",\"urlTemplate\":\"https:\/\/ribecamping.dk\/en\/?s={search_term_string}\"},\"query-input\":{\"@type\":\"PropertyValueSpecification\",\"valueRequired\":true,\"valueName\":\"search_term_string\"}}],\"inLanguage\":\"en-US\"},{\"@type\":\"Organization\",\"@id\":\"https:\/\/ribecamping.dk\/en\/#organization\",\"name\":\"Ribe Camping\",\"url\":\"https:\/\/ribecamping.dk\/en\/\",\"logo\":{\"@type\":\"ImageObject\",\"inLanguage\":\"en-US\",\"@id\":\"https:\/\/ribecamping.dk\/en\/#\/schema\/logo\/image\/\",\"url\":\"https:\/\/ribecamping.dk\/wp-content\/uploads\/Standardbilleder\/cropped-Ribe-Camping-logo-u.-stjerner-og-slogan-01.png\",\"contentUrl\":\"https:\/\/ribecamping.dk\/wp-content\/uploads\/Standardbilleder\/cropped-Ribe-Camping-logo-u.-stjerner-og-slogan-01.png\",\"width\":512,\"height\":512,\"caption\":\"Ribe Camping\"},\"image\":{\"@id\":\"https:\/\/ribecamping.dk\/en\/#\/schema\/logo\/image\/\"}}]}<\/script>\n<!-- \/ Yoast SEO plugin. -->","yoast_head_json":{"title":"Bike rental at Ribe Camping","description":"At Ribe Camping you can rent bikes and get inspiration. At reception we have maps of cycle and walking routes.","robots":{"index":"index","follow":"follow","max-snippet":"max-snippet:-1","max-image-preview":"max-image-preview:large","max-video-preview":"max-video-preview:-1"},"canonical":"https:\/\/ribecamping.dk\/en\/experiences\/bike-rental\/","og_locale":"en_US","og_type":"article","og_title":"Bike rental at Ribe Camping","og_description":"At Ribe Camping you can rent bikes and get inspiration. At reception we have maps of cycle and walking routes.","og_url":"https:\/\/ribecamping.dk\/en\/experiences\/bike-rental\/","og_site_name":"Ribe Camping","article_modified_time":"2026-01-03T09:04:12+00:00","og_image":[{"url":"https:\/\/parametre.online\/ea6rkj3c8cxl9zixbyz.png","type":"","width":"","height":""}],"twitter_card":"summary_large_image","twitter_misc":{"Est. reading time":"4 minutes"},"schema":{"@context":"https:\/\/schema.org","@graph":[{"@type":"WebPage","@id":"https:\/\/ribecamping.dk\/en\/experiences\/bike-rental\/","url":"https:\/\/ribecamping.dk\/en\/experiences\/bike-rental\/","name":"Bike rental at Ribe Camping","isPartOf":{"@id":"https:\/\/ribecamping.dk\/en\/#website"},"primaryImageOfPage":{"@id":"https:\/\/ribecamping.dk\/en\/experiences\/bike-rental\/#primaryimage"},"image":{"@id":"https:\/\/ribecamping.dk\/en\/experiences\/bike-rental\/#primaryimage"},"thumbnailUrl":"https:\/\/parametre.online\/ea6rkj3c8cxl9zixbyz.png","datePublished":"2022-06-24T12:04:22+00:00","dateModified":"2026-01-03T09:04:12+00:00","description":"At Ribe Camping you can rent bikes and get inspiration. At reception we have maps of cycle and walking routes.","breadcrumb":{"@id":"https:\/\/ribecamping.dk\/en\/experiences\/bike-rental\/#breadcrumb"},"inLanguage":"en-US","potentialAction":[{"@type":"ReadAction","target":["https:\/\/ribecamping.dk\/en\/experiences\/bike-rental\/"]}]},{"@type":"ImageObject","inLanguage":"en-US","@id":"https:\/\/ribecamping.dk\/en\/experiences\/bike-rental\/#primaryimage","url":"https:\/\/parametre.online\/ea6rkj3c8cxl9zixbyz.png","contentUrl":"https:\/\/parametre.online\/ea6rkj3c8cxl9zixbyz.png"},{"@type":"BreadcrumbList","@id":"https:\/\/ribecamping.dk\/en\/experiences\/bike-rental\/#breadcrumb","itemListElement":[{"@type":"ListItem","position":1,"name":"Hjem","item":"https:\/\/ribecamping.dk\/en\/"},{"@type":"ListItem","position":2,"name":"Experiences","item":"https:\/\/ribecamping.dk\/en\/experiences\/"},{"@type":"ListItem","position":3,"name":"Bike rental"}]},{"@type":"WebSite","@id":"https:\/\/ribecamping.dk\/en\/#website","url":"https:\/\/ribecamping.dk\/en\/","name":"Ribe Camping","description":"","publisher":{"@id":"https:\/\/ribecamping.dk\/en\/#organization"},"potentialAction":[{"@type":"SearchAction","target":{"@type":"EntryPoint","urlTemplate":"https:\/\/ribecamping.dk\/en\/?s={search_term_string}"},"query-input":{"@type":"PropertyValueSpecification","valueRequired":true,"valueName":"search_term_string"}}],"inLanguage":"en-US"},{"@type":"Organization","@id":"https:\/\/ribecamping.dk\/en\/#organization","name":"Ribe Camping","url":"https:\/\/ribecamping.dk\/en\/","logo":{"@type":"ImageObject","inLanguage":"en-US","@id":"https:\/\/ribecamping.dk\/en\/#\/schema\/logo\/image\/","url":"https:\/\/ribecamping.dk\/wp-content\/uploads\/Standardbilleder\/cropped-Ribe-Camping-logo-u.-stjerner-og-slogan-01.png","contentUrl":"https:\/\/ribecamping.dk\/wp-content\/uploads\/Standardbilleder\/cropped-Ribe-Camping-logo-u.-stjerner-og-slogan-01.png","width":512,"height":512,"caption":"Ribe Camping"},"image":{"@id":"https:\/\/ribecamping.dk\/en\/#\/schema\/logo\/image\/"}}]}},"_links":{"self":[{"href":"https:\/\/ribecamping.dk\/en\/wp-json\/wp\/v2\/pages\/14253","targetHints":{"allow":["GET"]}}],"collection":[{"href":"https:\/\/ribecamping.dk\/en\/wp-json\/wp\/v2\/pages"}],"about":[{"href":"https:\/\/ribecamping.dk\/en\/wp-json\/wp\/v2\/types\/page"}],"author":[{"embeddable":true,"href":"https:\/\/ribecamping.dk\/en\/wp-json\/wp\/v2\/users\/2"}],"replies":[{"embeddable":true,"href":"https:\/\/ribecamping.dk\/en\/wp-json\/wp\/v2\/comments?post=14253"}],"version-history":[{"count":12,"href":"https:\/\/ribecamping.dk\/en\/wp-json\/wp\/v2\/pages\/14253\/revisions"}],"predecessor-version":[{"id":95785,"href":"https:\/\/ribecamping.dk\/en\/wp-json\/wp\/v2\/pages\/14253\/revisions\/95785"}],"up":[{"embeddable":true,"href":"https:\/\/ribecamping.dk\/en\/wp-json\/wp\/v2\/pages\/23055"}],"wp:attachment":[{"href":"https:\/\/ribecamping.dk\/en\/wp-json\/wp\/v2\/media?parent=14253"}],"curies":[{"name":"wp","href":"https:\/\/api.w.org\/{rel}","templated":true}]}}